{"id":243,"date":"2022-10-18T10:56:40","date_gmt":"2022-10-18T10:56:40","guid":{"rendered":"https:\/\/solucionesfinancecontrolling.com\/contacto\/"},"modified":"2025-01-21T07:37:03","modified_gmt":"2025-01-21T07:37:03","slug":"contacto","status":"publish","type":"page","link":"https:\/\/solucionesfinancecontrolling.com\/en\/contacto\/","title":{"rendered":"Contact"},"content":{"rendered":"","protected":false},"excerpt":{"rendered":"","protected":false},"author":2,"featured_media":0,"parent":0,"menu_order":0,"comment_status":"closed","ping_status":"closed","template":"","meta":{"footnotes":""},"class_list":["post-243","page","type-page","status-publish","hentry"],"yoast_head":"<!-- This site is optimized with the Yoast SEO plugin v24.0 - https:\/\/yoast.com\/wordpress\/plugins\/seo\/ -->\n<title>Contact - Soluciones Finance Controlling<\/title>\n<meta name=\"description\" content=\"Ready to optimize your company\u2019s financial management? Contact me and let\u2019s work together to achieve your goals.\" \/>\n<meta name=\"robots\" content=\"index, follow, max-snippet:-1, max-image-preview:large, max-video-preview:-1\" \/>\n<link rel=\"canonical\" href=\"https:\/\/solucionesfinancecontrolling.com\/en\/contacto\/\" \/>\n<meta property=\"og:locale\" content=\"en_US\" \/>\n<meta property=\"og:type\" content=\"article\" \/>\n<meta property=\"og:title\" content=\"Contact - Soluciones Finance Controlling\" \/>\n<meta property=\"og:description\" content=\"Ready to optimize your company\u2019s financial management? Contact me and let\u2019s work together to achieve your goals.\" \/>\n<meta property=\"og:url\" content=\"https:\/\/solucionesfinancecontrolling.com\/en\/contacto\/\" \/>\n<meta property=\"og:site_name\" content=\"Soluciones Finance Controlling\" \/>\n<meta property=\"article:modified_time\" content=\"2025-01-21T07:37:03+00:00\" \/>\n<meta property=\"og:image\" content=\"https:\/\/solucionesfinancecontrolling.com\/wp-content\/uploads\/2024\/12\/web.webp\" \/>\n\t<meta property=\"og:image:width\" content=\"1373\" \/>\n\t<meta property=\"og:image:height\" content=\"675\" \/>\n\t<meta property=\"og:image:type\" content=\"image\/webp\" \/>\n<meta name=\"twitter:card\" content=\"summary_large_image\" \/>\n<script type=\"application\/ld+json\" class=\"yoast-schema-graph\">{\"@context\":\"https:\/\/schema.org\",\"@graph\":[{\"@type\":\"WebPage\",\"@id\":\"https:\/\/solucionesfinancecontrolling.com\/en\/contacto\/\",\"url\":\"https:\/\/solucionesfinancecontrolling.com\/en\/contacto\/\",\"name\":\"Contact - Soluciones Finance Controlling\",\"isPartOf\":{\"@id\":\"https:\/\/solucionesfinancecontrolling.com\/en\/#website\"},\"datePublished\":\"2022-10-18T10:56:40+00:00\",\"dateModified\":\"2025-01-21T07:37:03+00:00\",\"description\":\"Ready to optimize your company\u2019s financial management? Contact me and let\u2019s work together to achieve your goals.\",\"breadcrumb\":{\"@id\":\"https:\/\/solucionesfinancecontrolling.com\/en\/contacto\/#breadcrumb\"},\"inLanguage\":\"en-US\",\"potentialAction\":[{\"@type\":\"ReadAction\",\"target\":[\"https:\/\/solucionesfinancecontrolling.com\/en\/contacto\/\"]}]},{\"@type\":\"BreadcrumbList\",\"@id\":\"https:\/\/solucionesfinancecontrolling.com\/en\/contacto\/#breadcrumb\",\"itemListElement\":[{\"@type\":\"ListItem\",\"position\":1,\"name\":\"Portada\",\"item\":\"https:\/\/solucionesfinancecontrolling.com\/en\/\"},{\"@type\":\"ListItem\",\"position\":2,\"name\":\"Contact\"}]},{\"@type\":\"WebSite\",\"@id\":\"https:\/\/solucionesfinancecontrolling.com\/en\/#website\",\"url\":\"https:\/\/solucionesfinancecontrolling.com\/en\/\",\"name\":\"VD Soluciones Finance Controlling\",\"description\":\"Nos dedicamos a ofrecer servicios de planificaci\u00f3n financiera, control de gesti\u00f3n y consultor\u00eda estrat\u00e9gica para empresas y aut\u00f3nomos, con un enfoque personalizado y flexible que se adapta a tus necesidades.\",\"publisher\":{\"@id\":\"https:\/\/solucionesfinancecontrolling.com\/en\/#organization\"},\"potentialAction\":[{\"@type\":\"SearchAction\",\"target\":{\"@type\":\"EntryPoint\",\"urlTemplate\":\"https:\/\/solucionesfinancecontrolling.com\/en\/?s={search_term_string}\"},\"query-input\":{\"@type\":\"PropertyValueSpecification\",\"valueRequired\":true,\"valueName\":\"search_term_string\"}}],\"inLanguage\":\"en-US\"},{\"@type\":\"Organization\",\"@id\":\"https:\/\/solucionesfinancecontrolling.com\/en\/#organization\",\"name\":\"VD Soluciones Finance Controlling\",\"url\":\"https:\/\/solucionesfinancecontrolling.com\/en\/\",\"logo\":{\"@type\":\"ImageObject\",\"inLanguage\":\"en-US\",\"@id\":\"https:\/\/solucionesfinancecontrolling.com\/en\/#\/schema\/logo\/image\/\",\"url\":\"https:\/\/solucionesfinancecontrolling.com\/wp-content\/uploads\/2024\/12\/logo_sfc.png\",\"contentUrl\":\"https:\/\/solucionesfinancecontrolling.com\/wp-content\/uploads\/2024\/12\/logo_sfc.png\",\"width\":306,\"height\":146,\"caption\":\"VD Soluciones Finance Controlling\"},\"image\":{\"@id\":\"https:\/\/solucionesfinancecontrolling.com\/en\/#\/schema\/logo\/image\/\"}}]}<\/script>\n<!-- \/ Yoast SEO plugin. -->","yoast_head_json":{"title":"Contact - Soluciones Finance Controlling","description":"Ready to optimize your company\u2019s financial management? Contact me and let\u2019s work together to achieve your goals.","robots":{"index":"index","follow":"follow","max-snippet":"max-snippet:-1","max-image-preview":"max-image-preview:large","max-video-preview":"max-video-preview:-1"},"canonical":"https:\/\/solucionesfinancecontrolling.com\/en\/contacto\/","og_locale":"en_US","og_type":"article","og_title":"Contact - Soluciones Finance Controlling","og_description":"Ready to optimize your company\u2019s financial management? Contact me and let\u2019s work together to achieve your goals.","og_url":"https:\/\/solucionesfinancecontrolling.com\/en\/contacto\/","og_site_name":"Soluciones Finance Controlling","article_modified_time":"2025-01-21T07:37:03+00:00","og_image":[{"width":1373,"height":675,"url":"https:\/\/solucionesfinancecontrolling.com\/wp-content\/uploads\/2024\/12\/web.webp","type":"image\/webp"}],"twitter_card":"summary_large_image","schema":{"@context":"https:\/\/schema.org","@graph":[{"@type":"WebPage","@id":"https:\/\/solucionesfinancecontrolling.com\/en\/contacto\/","url":"https:\/\/solucionesfinancecontrolling.com\/en\/contacto\/","name":"Contact - Soluciones Finance Controlling","isPartOf":{"@id":"https:\/\/solucionesfinancecontrolling.com\/en\/#website"},"datePublished":"2022-10-18T10:56:40+00:00","dateModified":"2025-01-21T07:37:03+00:00","description":"Ready to optimize your company\u2019s financial management? Contact me and let\u2019s work together to achieve your goals.","breadcrumb":{"@id":"https:\/\/solucionesfinancecontrolling.com\/en\/contacto\/#breadcrumb"},"inLanguage":"en-US","potentialAction":[{"@type":"ReadAction","target":["https:\/\/solucionesfinancecontrolling.com\/en\/contacto\/"]}]},{"@type":"BreadcrumbList","@id":"https:\/\/solucionesfinancecontrolling.com\/en\/contacto\/#breadcrumb","itemListElement":[{"@type":"ListItem","position":1,"name":"Portada","item":"https:\/\/solucionesfinancecontrolling.com\/en\/"},{"@type":"ListItem","position":2,"name":"Contact"}]},{"@type":"WebSite","@id":"https:\/\/solucionesfinancecontrolling.com\/en\/#website","url":"https:\/\/solucionesfinancecontrolling.com\/en\/","name":"VD Soluciones Finance Controlling","description":"Nos dedicamos a ofrecer servicios de planificaci\u00f3n financiera, control de gesti\u00f3n y consultor\u00eda estrat\u00e9gica para empresas y aut\u00f3nomos, con un enfoque personalizado y flexible que se adapta a tus necesidades.","publisher":{"@id":"https:\/\/solucionesfinancecontrolling.com\/en\/#organization"},"potentialAction":[{"@type":"SearchAction","target":{"@type":"EntryPoint","urlTemplate":"https:\/\/solucionesfinancecontrolling.com\/en\/?s={search_term_string}"},"query-input":{"@type":"PropertyValueSpecification","valueRequired":true,"valueName":"search_term_string"}}],"inLanguage":"en-US"},{"@type":"Organization","@id":"https:\/\/solucionesfinancecontrolling.com\/en\/#organization","name":"VD Soluciones Finance Controlling","url":"https:\/\/solucionesfinancecontrolling.com\/en\/","logo":{"@type":"ImageObject","inLanguage":"en-US","@id":"https:\/\/solucionesfinancecontrolling.com\/en\/#\/schema\/logo\/image\/","url":"https:\/\/solucionesfinancecontrolling.com\/wp-content\/uploads\/2024\/12\/logo_sfc.png","contentUrl":"https:\/\/solucionesfinancecontrolling.com\/wp-content\/uploads\/2024\/12\/logo_sfc.png","width":306,"height":146,"caption":"VD Soluciones Finance Controlling"},"image":{"@id":"https:\/\/solucionesfinancecontrolling.com\/en\/#\/schema\/logo\/image\/"}}]}},"_links":{"self":[{"href":"https:\/\/solucionesfinancecontrolling.com\/en\/wp-json\/wp\/v2\/pages\/243","targetHints":{"allow":["GET"]}}],"collection":[{"href":"https:\/\/solucionesfinancecontrolling.com\/en\/wp-json\/wp\/v2\/pages"}],"about":[{"href":"https:\/\/solucionesfinancecontrolling.com\/en\/wp-json\/wp\/v2\/types\/page"}],"author":[{"embeddable":true,"href":"https:\/\/solucionesfinancecontrolling.com\/en\/wp-json\/wp\/v2\/users\/2"}],"replies":[{"embeddable":true,"href":"https:\/\/solucionesfinancecontrolling.com\/en\/wp-json\/wp\/v2\/comments?post=243"}],"version-history":[{"count":1,"href":"https:\/\/solucionesfinancecontrolling.com\/en\/wp-json\/wp\/v2\/pages\/243\/revisions"}],"predecessor-version":[{"id":250,"href":"https:\/\/solucionesfinancecontrolling.com\/en\/wp-json\/wp\/v2\/pages\/243\/revisions\/250"}],"wp:attachment":[{"href":"https:\/\/solucionesfinancecontrolling.com\/en\/wp-json\/wp\/v2\/media?parent=243"}],"curies":[{"name":"wp","href":"https:\/\/api.w.org\/{rel}","templated":true}]}}